{"id":132,"date":"2016-01-26T11:38:13","date_gmt":"2016-01-26T10:38:13","guid":{"rendered":"http:\/\/paneth.p.lodz.pl\/?page_id=132"},"modified":"2026-03-09T23:31:55","modified_gmt":"2026-03-09T22:31:55","slug":"promotorstwo-prac-doktorskich","status":"publish","type":"page","link":"https:\/\/piotr.paneth.pl\/en\/strona-glowna\/edukacja\/promotorstwo-prac-doktorskich\/","title":{"rendered":"Supervision of PhD thesis"},"content":{"rendered":"<p><\/p>\n<ul>\n<li>Heavy atom isotope effects on binding reagents to lactate dehydrogenase, Gawlita Ewa, 1993<\/li>\n<li>Efekty izotopowe dekarboksylacji podstawionych 3-karboksybenzisoksazoli, Czyryca Przemys\u0142aw, 1998<\/li>\n<li>Modelowanie efekt\u00f3w izotopowych reakcji katalizowanej przez transferaz\u0119 karbamoiloasparginianow\u0105, Pawlak Jaros\u0142aw, 1999<\/li>\n<li>Badanie mechanizm\u00f3w enzymatycznej dehalogenacji za pomoc\u0105 kinetycznych efekt\u00f3w izotopowych chloru, Lewandowicz Andrzej, 2001<\/li>\n<li>Efekty izotopowe reakcji katalizowanej przez krotonaz\u0119 oraz modelowych reakcji chemicznych, Ko\u0142odziejska-Huben Magdalena, 2003<\/li>\n<li>Hydrogen isotope effects on the reaction catalyzed by methylmalonyl-CoA mutase, Dyba\u0142a-Defratyka Agnieszka, 2003<\/li>\n<li>Efekty izotopowe spontanicznych i katalizowanych enzymatycznie reakcji dekarboksylacji, Sici\u0144ska Daria, 2004<\/li>\n<li>Modelowanie mechanizm\u00f3w reakcji katalizowanych przez mutazy zale\u017cne od witaminy B12, Kwiecie\u0144 Renata, 2005<\/li>\n<li>Modelowanie kinetycznego efektu izotopowego wodoru reakcji katalizowanej przez reduktaz\u0119 naftalenow\u0105, Rostkowski Micha\u0142, 2008<\/li>\n<li>Isotope effects on binding ligands to lactic dehydrogenase, Katarzyna \u015awiderek, 2011<\/li>\n<li>Mechanizmy enzymatycznej dehalogenacji pochodnych chlorofenoli, \u0141ukasz Szatkowski, 2012<\/li>\n<li>Isotope Fractionation Associated with Contaminant Degradation Mechanisms, Inacrist Geronimo, 2014<\/li>\n<li>Theoretical Studies of Biodegradation of Nitrobenzene by Nitrobenzene Dioxygenase, Anna Pabi\u015b, 2015<\/li>\n<li>Theoretical evaluation of isotopic fractionation in oxidative degradation of environmentally important aromatic pollutants, Pawe\u0142 Adamczyk, 2015<\/li>\n<li>Studies of isotopic fractionation of <sup>13<\/sup>C during biosynthesis and enzymatic reactions, Katarzyna Romek, (cotutelle with Dr. Richard Robins) 2016<\/li>\n<li style=\"text-align: justify;\">Projektowanie inhibitor\u00f3w odwrotnej transkryptazy HIV, Tomasz Fr\u0105czek, 2017<\/li>\n<li style=\"text-align: justify;\">Theoretical studies of HIV-1 enzymes, Krzemi\u0144ska-Kowalska Agnieszka, 2019<\/li>\n<li style=\"text-align: justify;\">Ocena potencjalnej warto\u015bci diagnostycznej i prognostycznej ekspresji bia\u0142ek PD-1 i PD-L1 w raku jelita grubego oraz struktury i interakcji nowotworu i jego \u015brodowiska na poziomie atomowym, Katarzyna G\u0105sior, (with Prof. Katarzyna Taran) 2023<\/li>\n<li style=\"text-align: justify;\">Ocena potencjalnej warto\u015bci diagnostycznej i prognostycznej ekspresji produktu genu ALOX-15 i szpikopochodnych kom\u00f3rek LCA dodatnich w nowotworach o\u015brodkowego uk\u0142adu nerwowego oraz roli proces\u00f3w frakcjonowania izotopowego w tkance nowotworowej i jej otoczeniu, Aleksandra Hincz, (with Prof. Katarzyna Taran) 2023<\/li>\n<li style=\"text-align: justify;\">Ocena potencjalnej warto\u015bci diagnostycznej i prognostycznej ekspresji metaloproteazy (MMP) 2 i 9 oraz ich inhibitor\u00f3w tkankowych (TIMP1 i TIMP2) w wybranych guzach litych wieku rozwojowego w regionie \u0142\u00f3dzkim w aspekcie proces\u00f3w frakcjonowania izotopowego w tkance nowotworowej, Marta Cicho\u0144, (with Prof. Katarzyna Taran) 2023<\/li>\n<li>Akredytacja izotopowych metod autentykacji alkoholi, Kamila Klajman, (with Prof. Ewa Bulska) 2024<\/li>\n<li>Multiscale theoretical study of geometrical, electronic, and thermodynamic properties of metal-organic frameworks, Mateusz Pokora (with Dr. hab. Jakub Goclon) 2025<\/li>\n<\/ul>\n<p><\/p>","protected":false},"excerpt":{"rendered":"<p>Heavy atom isotope effects on binding reagents to lactate dehydrogenase, Gawlita Ewa, 1993 Efekty izotopowe dekarboksylacji podstawionych 3-karboksybenzisoksazoli, Czyryca Przemys\u0142aw, 1998 Modelowanie efekt\u00f3w izotopowych reakcji katalizowanej przez transferaz\u0119 karbamoiloasparginianow\u0105, Pawlak Jaros\u0142aw, 1999 Badanie mechanizm\u00f3w enzymatycznej dehalogenacji za pomoc\u0105 kinetycznych efekt\u00f3w izotopowych chloru, Lewandowicz Andrzej, 2001 Efekty izotopowe reakcji katalizowanej przez krotonaz\u0119 oraz modelowych reakcji chemicznych, Ko\u0142odziejska-Huben Magdalena, 2003 Hydrogen isotope effects on the reaction catalyzed by methylmalonyl-CoA mutase, Dyba\u0142a-Defratyka Agnieszka, 2003 Efekty izotopowe spontanicznych i katalizowanych enzymatycznie reakcji dekarboksylacji, Sici\u0144ska Daria, 2004 Modelowanie mechanizm\u00f3w reakcji katalizowanych przez mutazy zale\u017cne od witaminy B12, Kwiecie\u0144 Renata, 2005 Modelowanie kinetycznego efektu izotopowego wodoru reakcji katalizowanej przez reduktaz\u0119 naftalenow\u0105, Rostkowski Micha\u0142, 2008 Isotope effects on binding ligands to lactic dehydrogenase, Katarzyna \u015awiderek, 2011 Mechanizmy enzymatycznej dehalogenacji pochodnych chlorofenoli, \u0141ukasz Szatkowski, 2012 Isotope Fractionation Associated with Contaminant Degradation Mechanisms, Inacrist Geronimo, 2014 Theoretical Studies of Biodegradation of Nitrobenzene by Nitrobenzene Dioxygenase, Anna Pabi\u015b, 2015 Theoretical evaluation of isotopic fractionation in oxidative degradation of environmentally important aromatic pollutants, Pawe\u0142 Adamczyk, 2015 Studies of isotopic fractionation of 13C during biosynthesis and enzymatic reactions, Katarzyna Romek, (cotutelle with Dr. Richard Robins) 2016 Projektowanie inhibitor\u00f3w odwrotnej transkryptazy HIV, Tomasz Fr\u0105czek, 2017 Theoretical studies of HIV-1 enzymes, Krzemi\u0144ska-Kowalska Agnieszka, 2019 Ocena potencjalnej warto\u015bci diagnostycznej i prognostycznej ekspresji bia\u0142ek PD-1 i PD-L1 w raku jelita grubego oraz struktury i interakcji nowotworu i jego \u015brodowiska na poziomie atomowym, Katarzyna G\u0105sior, (with Prof. Katarzyna Taran) 2023 Ocena potencjalnej warto\u015bci diagnostycznej i prognostycznej ekspresji produktu genu ALOX-15 i szpikopochodnych kom\u00f3rek LCA dodatnich w nowotworach o\u015brodkowego uk\u0142adu nerwowego oraz roli proces\u00f3w &hellip; <a href=\"https:\/\/piotr.paneth.pl\/en\/strona-glowna\/edukacja\/promotorstwo-prac-doktorskich\/\" class=\"more-link\">Continue reading <span class=\"screen-reader-text\">Supervision of PhD thesis<\/span><\/a><\/p>\n","protected":false},"author":1,"featured_media":0,"parent":124,"menu_order":8,"comment_status":"closed","ping_status":"closed","template":"","meta":{"footnotes":""},"_links":{"self":[{"href":"https:\/\/piotr.paneth.pl\/en\/wp-json\/wp\/v2\/pages\/132"}],"collection":[{"href":"https:\/\/piotr.paneth.pl\/en\/wp-json\/wp\/v2\/pages"}],"about":[{"href":"https:\/\/piotr.paneth.pl\/en\/wp-json\/wp\/v2\/types\/page"}],"author":[{"embeddable":true,"href":"https:\/\/piotr.paneth.pl\/en\/wp-json\/wp\/v2\/users\/1"}],"replies":[{"embeddable":true,"href":"https:\/\/piotr.paneth.pl\/en\/wp-json\/wp\/v2\/comments?post=132"}],"version-history":[{"count":17,"href":"https:\/\/piotr.paneth.pl\/en\/wp-json\/wp\/v2\/pages\/132\/revisions"}],"predecessor-version":[{"id":1942,"href":"https:\/\/piotr.paneth.pl\/en\/wp-json\/wp\/v2\/pages\/132\/revisions\/1942"}],"up":[{"embeddable":true,"href":"https:\/\/piotr.paneth.pl\/en\/wp-json\/wp\/v2\/pages\/124"}],"wp:attachment":[{"href":"https:\/\/piotr.paneth.pl\/en\/wp-json\/wp\/v2\/media?parent=132"}],"curies":[{"name":"wp","href":"https:\/\/api.w.org\/{rel}","templated":true}]}}