{"id":130,"date":"2016-01-26T11:37:40","date_gmt":"2016-01-26T10:37:40","guid":{"rendered":"http:\/\/paneth.p.lodz.pl\/strona-glowna\/edukacja\/popularyzacja-nauki-i-wiedzy\/"},"modified":"2016-02-29T22:08:25","modified_gmt":"2016-02-29T21:08:25","slug":"popularyzacja-nauki-i-wiedzy","status":"publish","type":"page","link":"https:\/\/piotr.paneth.pl\/en\/strona-glowna\/edukacja\/popularyzacja-nauki-i-wiedzy\/","title":{"rendered":"Promotion of knowledge and science"},"content":{"rendered":"<p>Didactical and Science Outstrech Presentations:<\/p>\n<ul>\n<li>\u201cUse of isotope effecys in studies of chemical reactions&#8221; (in Polish) P. Paneth, Scientific Society of Lodz (\u0141TN),\u00a0 Lodz, January 14, 2013<\/li>\n<li>\u201cFrom fruitful collaboration to honoris causa degree \u2013 personal perspective\u201d P. Paneth, Seminar \u201cPolish-American Fulbright Program. Past, Present, Future\u201d Lodz, May 14, 2010<\/li>\n<li>\u201cApplications of isotope effects\u201d P. Paneth, 28th Spring Meeting of Chemistry Students, PTCh, Murzasichle, April 13-17, 2011 (plennary lecture)<\/li>\n<li>\u201cStudies of mechanisms of enzymatic reactions&#8221; (in Polish) P. Paneth, Fundacja na Rzecz Dzieci, \u015awider, May 2003 (invited lecture)<\/li>\n<li>\u201cDidactic achievements of the Faculty of Chemistry, Lodz University of Technology&#8221; orobek dydaktyczny Wydzia\u0142u Chemicznego Politechniki \u0141\u00f3dzkiej\u201d, P.Paneth, \u201c (in Polish) &#8220;50 years of Faculty of Chemistry at TUL\u201d,\u00a0 A. Cyga\u0144ski (Ed.), Wyd. P\u0141., Lodz, Zeszyt Naukowy 758, Chemia, 45, 1996, 43<\/li>\n<\/ul>\n<p>&nbsp;<\/p>","protected":false},"excerpt":{"rendered":"<p>Didactical and Science Outstrech Presentations: \u201cUse of isotope effecys in studies of chemical reactions&#8221; (in Polish) P. Paneth, Scientific Society of Lodz (\u0141TN),\u00a0 Lodz, January 14, 2013 \u201cFrom fruitful collaboration to honoris causa degree \u2013 personal perspective\u201d P. Paneth, Seminar \u201cPolish-American Fulbright Program. Past, Present, Future\u201d Lodz, May 14, 2010 \u201cApplications of isotope effects\u201d P. Paneth, 28th Spring Meeting of Chemistry Students, PTCh, Murzasichle, April 13-17, 2011 (plennary lecture) \u201cStudies of mechanisms of enzymatic reactions&#8221; (in Polish) P. Paneth, Fundacja na Rzecz Dzieci, \u015awider, May 2003 (invited lecture) \u201cDidactic achievements of the Faculty of Chemistry, Lodz University of Technology&#8221; orobek dydaktyczny Wydzia\u0142u Chemicznego Politechniki \u0141\u00f3dzkiej\u201d, P.Paneth, \u201c (in Polish) &#8220;50 years of Faculty of Chemistry at TUL\u201d,\u00a0 A. Cyga\u0144ski (Ed.), Wyd. P\u0141., Lodz, Zeszyt Naukowy 758, Chemia, 45, 1996, 43 &nbsp;<\/p>\n","protected":false},"author":1,"featured_media":0,"parent":124,"menu_order":6,"comment_status":"closed","ping_status":"closed","template":"","meta":{"footnotes":""},"_links":{"self":[{"href":"https:\/\/piotr.paneth.pl\/en\/wp-json\/wp\/v2\/pages\/130"}],"collection":[{"href":"https:\/\/piotr.paneth.pl\/en\/wp-json\/wp\/v2\/pages"}],"about":[{"href":"https:\/\/piotr.paneth.pl\/en\/wp-json\/wp\/v2\/types\/page"}],"author":[{"embeddable":true,"href":"https:\/\/piotr.paneth.pl\/en\/wp-json\/wp\/v2\/users\/1"}],"replies":[{"embeddable":true,"href":"https:\/\/piotr.paneth.pl\/en\/wp-json\/wp\/v2\/comments?post=130"}],"version-history":[{"count":4,"href":"https:\/\/piotr.paneth.pl\/en\/wp-json\/wp\/v2\/pages\/130\/revisions"}],"predecessor-version":[{"id":908,"href":"https:\/\/piotr.paneth.pl\/en\/wp-json\/wp\/v2\/pages\/130\/revisions\/908"}],"up":[{"embeddable":true,"href":"https:\/\/piotr.paneth.pl\/en\/wp-json\/wp\/v2\/pages\/124"}],"wp:attachment":[{"href":"https:\/\/piotr.paneth.pl\/en\/wp-json\/wp\/v2\/media?parent=130"}],"curies":[{"name":"wp","href":"https:\/\/api.w.org\/{rel}","templated":true}]}}